{"id":5295,"date":"2025-06-06T09:08:10","date_gmt":"2025-06-06T09:08:10","guid":{"rendered":"https:\/\/teszt.mvsi.hu\/?page_id=5295"},"modified":"2025-06-06T09:25:36","modified_gmt":"2025-06-06T09:25:36","slug":"tao","status":"publish","type":"page","link":"https:\/\/mvsi.hu\/?page_id=5295","title":{"rendered":"K\u00f6zz\u00e9t\u00e9teli lista"},"content":{"rendered":"\n<script>\n $(document).ready(function() {\n      $('body').addClass('altalanos-kozzeteteli')\n });\n<\/script>\n\n<p><iframe frameborder=\"0\" framespacing=\"0\" leftmargin=\"0\" mce_src=\"https:\/\/kozadat.mhportal.hu\/php\/kozadat.php?tagv=28&amp;focsop=1&#038;protokoll=S\" scrolling=\"auto\" src=\"https:\/\/kozadat.mhportal.hu\/php\/kozadat.php?tagv=28&amp;focsop=1&#038;protokoll=S\" topmargin=\"0\" width=\"100%\"><\/iframe><\/p>\n<script type=\"text\/javascript\" src=\"\/wp-content\/themes\/newsmag-pro\/assets\/js\/iframeResizer.min.js\"><\/script><script type=\"text\/javascript\">\niFrameResize({\n\tlog: false,\n        heightCalculationMethod: 'max'\n});\n<\/script>\n","protected":false},"excerpt":{"rendered":"","protected":false},"author":3,"featured_media":0,"parent":0,"menu_order":0,"comment_status":"closed","ping_status":"closed","template":"","meta":{"footnotes":""},"class_list":["post-5295","page","type-page","status-publish","hentry"],"_links":{"self":[{"href":"https:\/\/mvsi.hu\/index.php?rest_route=\/wp\/v2\/pages\/5295","targetHints":{"allow":["GET"]}}],"collection":[{"href":"https:\/\/mvsi.hu\/index.php?rest_route=\/wp\/v2\/pages"}],"about":[{"href":"https:\/\/mvsi.hu\/index.php?rest_route=\/wp\/v2\/types\/page"}],"author":[{"embeddable":true,"href":"https:\/\/mvsi.hu\/index.php?rest_route=\/wp\/v2\/users\/3"}],"replies":[{"embeddable":true,"href":"https:\/\/mvsi.hu\/index.php?rest_route=%2Fwp%2Fv2%2Fcomments&post=5295"}],"version-history":[{"count":4,"href":"https:\/\/mvsi.hu\/index.php?rest_route=\/wp\/v2\/pages\/5295\/revisions"}],"predecessor-version":[{"id":5301,"href":"https:\/\/mvsi.hu\/index.php?rest_route=\/wp\/v2\/pages\/5295\/revisions\/5301"}],"wp:attachment":[{"href":"https:\/\/mvsi.hu\/index.php?rest_route=%2Fwp%2Fv2%2Fmedia&parent=5295"}],"curies":[{"name":"wp","href":"https:\/\/api.w.org\/{rel}","templated":true}]}}